{"id":3,"date":"2022-12-29T16:45:46","date_gmt":"2022-12-29T16:45:46","guid":{"rendered":"https:\/\/supersmilesib.ro\/?page_id=3"},"modified":"2023-02-05T19:19:05","modified_gmt":"2023-02-05T19:19:05","slug":"privacy-policy","status":"publish","type":"page","link":"https:\/\/supersmilesib.ro\/?page_id=3","title":{"rendered":"Despre noi"},"content":{"rendered":"\n<h2 class=\"has-text-align-center has-huge-font-size wp-block-heading\">Despre noi<\/h2>\n\n\n\n<div class=\"wp-block-media-text alignwide is-stacked-on-mobile\"><figure class=\"wp-block-media-text__media\"><img loading=\"lazy\" decoding=\"async\" width=\"768\" height=\"1024\" src=\"https:\/\/supersmilesib.ro\/wp-content\/uploads\/2023\/01\/WhatsApp-Image-2022-07-03-at-6.59.30-PM-0-2.jpeg\" alt=\"\" class=\"wp-image-219 size-full\" srcset=\"https:\/\/supersmilesib.ro\/wp-content\/uploads\/2023\/01\/WhatsApp-Image-2022-07-03-at-6.59.30-PM-0-2.jpeg 768w, https:\/\/supersmilesib.ro\/wp-content\/uploads\/2023\/01\/WhatsApp-Image-2022-07-03-at-6.59.30-PM-0-2-225x300.jpeg 225w\" sizes=\"(max-width: 768px) 100vw, 768px\" \/><\/figure><div class=\"wp-block-media-text__content\">\n<p class=\"has-text-align-center\"><strong>Supersmile<\/strong> v\u0103 ofer\u0103 diverse servicii medicale stomatologice \u0219i estetice. Suntem o echip\u0103 de medici axa\u021bi pe ob\u021binerea celor mai bune rezultate prin munca interdisciplinar\u0103.<\/p>\n\n\n\n<p class=\"has-text-align-center\"><\/p>\n<\/div><\/div>\n\n\n\n<div class=\"wp-block-media-text alignwide has-media-on-the-right is-stacked-on-mobile\"><div class=\"wp-block-media-text__content\">\n<p class=\"has-text-align-center\">Obiectivele noastre sunt oferirea serviciilor la standarde \u00eenalte, utilizarea tehnicilor moderne de tratamente \u00eentr-un loc de unde se pleac\u0103 numai cu z\u00e2mbetul pe buze. Suntem dedica\u021bi s\u0103n\u0103t\u0103\u021bii pacien\u021bilor no\u0219tri \u0219i ne vom implica \u00een totalitate pentru a-\u0219i rec\u00e2\u0219tiga \u00eencrederea \u00een z\u00e2mbetele lor.<\/p>\n<\/div><figure class=\"wp-block-media-text__media\"><img loading=\"lazy\" decoding=\"async\" width=\"768\" height=\"1024\" src=\"https:\/\/supersmilesib.ro\/wp-content\/uploads\/2023\/02\/WhatsApp-Image-2022-07-03-at-6.59.30-PM-3.jpeg\" alt=\"\" class=\"wp-image-225 size-full\" srcset=\"https:\/\/supersmilesib.ro\/wp-content\/uploads\/2023\/02\/WhatsApp-Image-2022-07-03-at-6.59.30-PM-3.jpeg 768w, https:\/\/supersmilesib.ro\/wp-content\/uploads\/2023\/02\/WhatsApp-Image-2022-07-03-at-6.59.30-PM-3-225x300.jpeg 225w\" sizes=\"(max-width: 768px) 100vw, 768px\" \/><\/figure><\/div>\n","protected":false},"excerpt":{"rendered":"<p>Despre noi Supersmile v\u0103 ofer\u0103 diverse servicii medicale stomatologice \u0219i estetice. Suntem o echip\u0103 de medici axa\u021bi pe ob\u021binerea celor mai bune rezultate prin munca interdisciplinar\u0103. Obiectivele noastre sunt oferirea serviciilor la standarde \u00eenalte, utilizarea tehnicilor moderne de tratamente \u00eentr-un loc de unde se pleac\u0103 numai cu z\u00e2mbetul pe buze. Suntem dedica\u021bi s\u0103n\u0103t\u0103\u021bii pacien\u021bilor no\u0219tri [&hellip;]<\/p>\n","protected":false},"author":1,"featured_media":86,"parent":0,"menu_order":0,"comment_status":"closed","ping_status":"closed","template":"page-no-title","meta":{"saved_in_kubio":false,"om_disable_all_campaigns":false,"_monsterinsights_skip_tracking":false,"_monsterinsights_sitenote_active":false,"_monsterinsights_sitenote_note":"","_monsterinsights_sitenote_category":0,"footnotes":""},"class_list":["post-3","page","type-page","status-publish","has-post-thumbnail","hentry"],"aioseo_notices":[],"kubio_ai_page_context":{"short_desc":"","purpose":"general"},"_links":{"self":[{"href":"https:\/\/supersmilesib.ro\/index.php?rest_route=\/wp\/v2\/pages\/3","targetHints":{"allow":["GET"]}}],"collection":[{"href":"https:\/\/supersmilesib.ro\/index.php?rest_route=\/wp\/v2\/pages"}],"about":[{"href":"https:\/\/supersmilesib.ro\/index.php?rest_route=\/wp\/v2\/types\/page"}],"author":[{"embeddable":true,"href":"https:\/\/supersmilesib.ro\/index.php?rest_route=\/wp\/v2\/users\/1"}],"replies":[{"embeddable":true,"href":"https:\/\/supersmilesib.ro\/index.php?rest_route=%2Fwp%2Fv2%2Fcomments&post=3"}],"version-history":[{"count":10,"href":"https:\/\/supersmilesib.ro\/index.php?rest_route=\/wp\/v2\/pages\/3\/revisions"}],"predecessor-version":[{"id":250,"href":"https:\/\/supersmilesib.ro\/index.php?rest_route=\/wp\/v2\/pages\/3\/revisions\/250"}],"wp:featuredmedia":[{"embeddable":true,"href":"https:\/\/supersmilesib.ro\/index.php?rest_route=\/wp\/v2\/media\/86"}],"wp:attachment":[{"href":"https:\/\/supersmilesib.ro\/index.php?rest_route=%2Fwp%2Fv2%2Fmedia&parent=3"}],"curies":[{"name":"wp","href":"https:\/\/api.w.org\/{rel}","templated":true}]}}