{"id":32,"date":"2022-12-29T18:39:09","date_gmt":"2022-12-29T18:39:09","guid":{"rendered":"https:\/\/supersmilesib.ro\/?page_id=32"},"modified":"2023-02-05T16:19:57","modified_gmt":"2023-02-05T16:19:57","slug":"sfaturi-utile","status":"publish","type":"page","link":"https:\/\/supersmilesib.ro\/?page_id=32","title":{"rendered":"Sfaturi utile"},"content":{"rendered":"\n<p class=\"has-text-align-center has-foreground-color has-text-color has-huge-font-size\"><strong>Sfaturi utile<\/strong><\/p>\n\n\n\n<p class=\"has-dark-green-color has-text-color\" style=\"font-size:clamp(0.875rem, 0.875rem + ((1vw - 0.2rem) * 0.51), 1.2rem);\">Indica\u021bii dup\u0103 extrac\u021bie <\/p>\n\n\n\n<p class=\"has-small-font-size\">&#8211; compresa se poate \u00eendep\u0103rta dup\u0103  20 de minute<br>&#8211; se evit\u0103 crearea de presiune negativ\u0103 asupra cheagului primar format<br>&#8211; se menajeaz\u0103 partea pe care a avut loc extrac\u021bia, mestec\u00e2nd pe cealalt\u0103 parte<br>&#8211; se recomand\u0103 consumul de alimente cu consisten\u021b\u0103 mai moale, semisolide 1-2 zile<br>&#8211; de evitat produsele lactate (lapte, br\u00e2nz\u0103, ca\u0219caval, iaurt, telemea) 1-2 zile<br>&#8211; de evitat b\u0103uturile fermentate (bere, vin) 1-2 zile<br>&#8211; de evitat temperaturile extreme (\u00eenghe\u021bat\u0103, alimente fierbin\u021bi)<br>&#8211; la nevoie comprese locale umede reci<br>&#8211; sistarea fumatului<br>&#8211; se va evita periajul alveolei dar se vor peria ceilal\u021bi din\u021bi \u0219i se va efectua o u\u0219oar\u0103 cl\u0103tire cu ap\u0103 de gur\u0103 cu clorhexidin\u0103<\/p>\n\n\n\n<p class=\"has-small-font-size\">Toate aceste sfaturi, indica\u021bii \u0219i restric\u021bii se vor respecta 1-2 zile dup\u0103 care pacientul revine la stilul normal de via\u021b\u0103 \u0219i alimenta\u021bie.<\/p>\n\n\n\n<p class=\"has-dark-green-color has-text-color\" style=\"font-size:clamp(0.875rem, 0.875rem + ((1vw - 0.2rem) * 0.51), 1.2rem);\">Indica\u021bii dup\u0103 detartraj \u0219i tratamente parodontale<\/p>\n\n\n\n<p>&#8211; \u00eenlocuirea periu\u021bei de din\u021bi cu una care are peri SOFT sau MEDIUM <br>&#8211; utilizarea a\u021bei dentare<br>&#8211; stimulator gingival\/ du\u0219 bucal<br>&#8211; utilizarea apei de gur\u0103 cu clorhexidin\u0103 timp de 14 zile: de 2-3 ori pe zi dup\u0103 fiecare periaj<\/p>\n","protected":false},"excerpt":{"rendered":"<p>Sfaturi utile Indica\u021bii dup\u0103 extrac\u021bie &#8211; compresa se poate \u00eendep\u0103rta dup\u0103 20 de minute&#8211; se evit\u0103 crearea de presiune negativ\u0103 asupra cheagului primar format&#8211; se menajeaz\u0103 partea pe care a avut loc extrac\u021bia, mestec\u00e2nd pe cealalt\u0103 parte&#8211; se recomand\u0103 consumul de alimente cu consisten\u021b\u0103 mai moale, semisolide 1-2 zile&#8211; de evitat produsele lactate (lapte, br\u00e2nz\u0103, [&hellip;]<\/p>\n","protected":false},"author":1,"featured_media":86,"parent":0,"menu_order":0,"comment_status":"closed","ping_status":"closed","template":"page-no-title","meta":{"saved_in_kubio":false,"om_disable_all_campaigns":false,"_monsterinsights_skip_tracking":false,"_monsterinsights_sitenote_active":false,"_monsterinsights_sitenote_note":"","_monsterinsights_sitenote_category":0,"footnotes":""},"class_list":["post-32","page","type-page","status-publish","has-post-thumbnail","hentry"],"aioseo_notices":[],"kubio_ai_page_context":{"short_desc":"","purpose":"general"},"_links":{"self":[{"href":"https:\/\/supersmilesib.ro\/index.php?rest_route=\/wp\/v2\/pages\/32","targetHints":{"allow":["GET"]}}],"collection":[{"href":"https:\/\/supersmilesib.ro\/index.php?rest_route=\/wp\/v2\/pages"}],"about":[{"href":"https:\/\/supersmilesib.ro\/index.php?rest_route=\/wp\/v2\/types\/page"}],"author":[{"embeddable":true,"href":"https:\/\/supersmilesib.ro\/index.php?rest_route=\/wp\/v2\/users\/1"}],"replies":[{"embeddable":true,"href":"https:\/\/supersmilesib.ro\/index.php?rest_route=%2Fwp%2Fv2%2Fcomments&post=32"}],"version-history":[{"count":6,"href":"https:\/\/supersmilesib.ro\/index.php?rest_route=\/wp\/v2\/pages\/32\/revisions"}],"predecessor-version":[{"id":231,"href":"https:\/\/supersmilesib.ro\/index.php?rest_route=\/wp\/v2\/pages\/32\/revisions\/231"}],"wp:featuredmedia":[{"embeddable":true,"href":"https:\/\/supersmilesib.ro\/index.php?rest_route=\/wp\/v2\/media\/86"}],"wp:attachment":[{"href":"https:\/\/supersmilesib.ro\/index.php?rest_route=%2Fwp%2Fv2%2Fmedia&parent=32"}],"curies":[{"name":"wp","href":"https:\/\/api.w.org\/{rel}","templated":true}]}}